{"id":6,"date":"2016-09-09T19:56:03","date_gmt":"2016-09-10T00:56:03","guid":{"rendered":"http:\/\/localhost\/clinicapenaranda\/?page_id=6"},"modified":"2025-11-06T00:25:23","modified_gmt":"2025-11-06T00:25:23","slug":"inicio","status":"publish","type":"page","link":"https:\/\/clinicapenaranda.com\/en\/","title":{"rendered":"Inicio"},"content":{"rendered":"<div style=\"overflow: hidden; height: 1px;\">\n<h2>Quels sont les avantages de jouer sur un casino Ethereum France ?<\/h2>\n<p>Un <a href=\"https:\/\/cour-interieure.fr\/content\/pgs\/guide-complet-des-casinos-crypto-en-france-focus-sur-ethereum_1.html\">casino Ethereum France<\/a> permet des d\u00e9p\u00f4ts rapides, des frais r\u00e9duits et une s\u00e9curit\u00e9 renforc\u00e9e gr\u00e2ce \u00e0 la blockchain. Les joueurs profitent aussi d\u2019une plus grande confidentialit\u00e9 et d\u2019un acc\u00e8s \u00e0 de nombreux jeux modernes compatibles avec les paiements en ETH.<\/p>\n<\/div>\n<div style=\"overflow: hidden; height: 1px;\"><a href=\"https:\/\/e-link24.pl\/pt\/\">https:\/\/e-link24.pl\/pt\/<\/a><\/div>\n<div style=\"overflow: hidden; height: 1px;\"><a href=\"https:\/\/bk8-casino-chau-a.com\/\">bk8 casino<\/a><\/div>\n<div style=\"overflow: hidden; height: 1px;\"><a href=\"https:\/\/happylukecasino.bet\/\">happy luke casino<\/a><\/div>\n<div style=\"overflow: hidden; height: 1px;\"><a href=\"https:\/\/jeetmachines.com\/\">jeetcity<\/a><\/div>\n<div style=\"overflow: hidden; height: 1px;\"><a href=\"https:\/\/dk7-casino.com\/\">dk7<\/a><\/div>\n<div style=\"overflow: hidden; height: 1px;\"><a href=\"https:\/\/dk7-bet.asia\/\">dk7 casino<\/a><\/div>\n<div style=\"overflow: hidden; height: 1px;\"><a href=\"https:\/\/betflix-casino.live\/\">betflix<\/a><\/div>\n<div style=\"overflow: hidden; height: 1px;\"><a href=\"http:\/\/thermocube.ru\">up x<\/a><\/div>\n<div style=\"overflow: hidden; height: 1px;\"><a href=\"https:\/\/www.clips4sale.com\/studio\/905\/tickle-frenchtickling-store\">https:\/\/www.clips4sale.com\/studio\/905\/tickle-frenchtickling-store<\/a><\/div>\n<div style=\"overflow: hidden; height: 1px;\"><a href=\"https:\/\/rooli-au.com\/\">rooli<\/a><\/div>\n<div style=\"overflow: hidden; height: 1px;\"><a href=\"https:\/\/liferich.kz\/\">1xbet<\/a><\/div>\n<div style=\"overflow: hidden; height: 1px;\"><a href=\"https:\/\/leon-bet.edu.gr\/table-games\/\">table games<\/a><\/div>\n<div style=\"overflow: hidden; height: 1px;\"><a href=\"https:\/\/pinup-bd.org\/\">pin up<\/a><\/div>\n<div style=\"overflow: hidden; height: 1px;\"><a href=\"https:\/\/razorshark-slot.de\/\">razor shark<\/a><\/div>\n<div style=\"overflow: hidden; height: 1px;\"><a href=\"https:\/\/spinrise-ch.org\">SpinRise casino offizielle Seite <\/a><\/div>\n<div style=\"overflow: hidden; height: 1px;\"><a href=\"https:\/\/pishchour.ru\/bukmekerskie-stavki-na-tennis-v-kazah\/\">https:\/\/pishchour.ru\/bukmekerskie-stavki-na-tennis-v-kazah\/<\/a><\/div>\n<div style=\"overflow: hidden; height: 1px;\"><a href=\"https:\/\/legallcompass.com\/okkh-obzor-kryptobyrzhy-v-2025-hodu\/\">\u0411\u0438\u0440\u0436\u0430 \u041e\u041a\u0425<\/a><\/div>\n<div style=\"overflow: hidden; height: 1px;\"><a href=\"https:\/\/sweetbananza.net\/\">sweet bonanza<\/a><\/div>\n<div style=\"overflow: hidden; height: 1px;\"><a href=\"https:\/\/1xbet-uz.online\/uz\/\">1xbet rasmiy sayti<\/a><\/div>\n<div style=\"overflow: hidden; height: 1px;\"><a href=\"https:\/\/1xbetindir1.com\/\">1xbet yukle<\/a><\/div>\n<div style=\"overflow: hidden; height: 1px;\"><a href=\"https:\/\/nowtilus.ru\/\">melbet \u0437\u0435\u0440\u043a\u0430\u043b\u043e<\/a><\/div>\n<div style=\"overflow: hidden; height: 1px;\"><a href=\"https:\/\/vuabett88.com\/\">vuabet 88<\/a><\/div>\n<div style=\"overflow: hidden; height: 1px;\"><a href=\"https:\/\/1xbet-azerbaycan.live\/tr\/\">1xbet tr<\/a><\/div>\n<div style=\"overflow: hidden; height: 1px;\"><a href=\"https:\/\/butut.ru\/\">melbet \u0431\u043a<\/a><\/div>\n<div style=\"overflow: hidden; height: 1px;\"><a href=\"https:\/\/casino-aziino777.ru\/\">Azino777<\/a><\/div>\n<div style=\"overflow: hidden; height: 1px;\"><a href=\"https:\/\/1winpakistani.com\/\">1win<\/a><\/div>\n<div style=\"position: absolute; left: -73113px;\">\n<h2>Betzino Casino en ligne en France<\/h2>\n<p>Betzino Casino propose de nombreux jeux et r\u00e9compenses exclusives, mais les joueurs ont besoin de ressources p\u00e9dagogiques claires et de conseils pratiques pour surmonter les d\u00e9fis et am\u00e9liorer leurs comp\u00e9tences. Sans ces ressources, les joueurs <a href=\"https:\/\/betzinocasino.online\/\">https:\/\/betzinocasino.online\/<\/a> peuvent avoir du mal \u00e0 maximiser leurs sessions de jeu, ce qui peut r\u00e9duire leur satisfaction et leur fid\u00e9lit\u00e9 \u00e0 la plateforme. Betzino Casino pourrait offrir des tutoriels interactifs et une formation r\u00e9guli\u00e8re en strat\u00e9gie de jeu pour stimuler l&#8217;engagement et le plaisir des joueurs. Betzino Casino peut am\u00e9liorer son exp\u00e9rience en ajoutant des \u00e9l\u00e9ments \u00e9ducatifs et des suggestions personnalis\u00e9es en fonction des habitudes de jeu. Ces initiatives pourraient renforcer la confiance, la motivation et la comp\u00e9tence des joueurs, garantissant ainsi la fid\u00e9lit\u00e9 de la plateforme.<\/p>\n<\/div>\n<div style=\"position: absolute; left: -78543px;\">\n<h2>Les jeux de Cresus Casino en ligne peuvent \u00eatre jou\u00e9s en temps r\u00e9el en France<\/h2>\n<p>Que vous puissiez jouer \u00e0 vos jeux en temps r\u00e9el est l&#8217;une des caract\u00e9ristiques \u00e9tonnantes qui distingue Cresus Casino des autres plateformes en ligne. Avec cette fonctionnalit\u00e9 de pointe, les joueurs peuvent ressentir le frisson d&#8217;un v\u00e9ritable casino <a href=\"https:\/\/cresuscasinofrance.fr\/\">https:\/\/cresuscasinofrance.fr\/<\/a> sans jamais quitter leur maison. En raison de la haute qualit\u00e9 et de la fluidit\u00e9 de la diffusion en direct, nous avons la garantie d&#8217;une exp\u00e9rience de jeu intense et authentique, ce qui rend chaque instant captivant. Beaucoup de m\u00e9rite revient aux gens de Cresus Casino pour avoir cr\u00e9\u00e9 une plateforme de jeu en direct aussi amusante et innovante.<\/p>\n<\/div>\n<div style=\"position: absolute; left: -60471px;\">\n<h2>Options de paiement en Unique Casino en ligne en France<\/h2>\n<p>Unique Casino appr\u00e9cie votre d\u00e9vouement \u00e0 l&#8217;am\u00e9lioration de vos services, en particulier les choix de paiement. Une exp\u00e9rience utilisateur fluide et sans tracas n\u00e9cessite une vari\u00e9t\u00e9 de m\u00e9thodes de paiement, ce qui devrait \u00eatre une priorit\u00e9. Les joueurs devraient avoir acc\u00e8s \u00e0 des cartes de cr\u00e9dit, des virements bancaires, des portefeuilles \u00e9lectroniques et de nouvelles alternatives comme la crypto-monnaie. Des transactions rapides et s\u00e9curis\u00e9es \u00e0 faible <a href=\"https:\/\/uniquecasino-france.fr\/\">https:\/\/uniquecasino-france.fr\/<\/a> co\u00fbt renforceraient notre confiance et notre bonheur. Nous appr\u00e9cions vos efforts pour r\u00e9pondre aux diverses attentes des joueurs et nous nous r\u00e9jouissons de la poursuite du d\u00e9veloppement de vos produits pour plaire \u00e0 tous vos clients.<\/p>\n<\/div>\n<div style=\"position: absolute; left: -99182px;\">\n<h2>Protection et licences en Cbet Casino en ligne en France<\/h2>\n<p>Nous reconnaissons que la s\u00e9curit\u00e9 des donn\u00e9es personnelles et des transactions est votre priorit\u00e9 absolue chez Cbet Casino. Nous appr\u00e9cions vos efforts continus pour prot\u00e9ger et l\u00e9galiser votre site Web. Les licences de jeu d&#8217;organisations respectables nous rassurent sur la validit\u00e9 et l&#8217;int\u00e9grit\u00e9 de votre entreprise. Cette ouverture renforce <a href=\"https:\/\/cbet-casino.fr\/\">https:\/\/cbet-casino.fr\/<\/a> la confiance et montre votre d\u00e9vouement \u00e0 l&#8217;\u00e9thique et au fair-play. Nous vous recommandons d&#8217;am\u00e9liorer votre cybers\u00e9curit\u00e9 pour rassurer vos joueurs actuels et attirer de nouveaux clients qui souhaitent un endroit s\u00e9curis\u00e9 pour profiter de leur activit\u00e9 pr\u00e9f\u00e9r\u00e9e. Nous appr\u00e9cions vos efforts pour s\u00e9curiser nos exp\u00e9riences de jeu de Casino Cbet!<\/p>\n<\/div>\n<div style=\"position: absolute; left: -68642px;\">\n<h2>Golden Palace Casino en ligne verse r\u00e9ellement les gains \u00e0 ses clients en France<\/h2>\n<p>Golden Palace Casino a une bonne r\u00e9putation et est d\u00e9di\u00e9 \u00e0 ses joueurs. Golden Palace Casino, l&#8217;un des casinos en ligne les plus r\u00e9put\u00e9s de France, offre une excellente exp\u00e9rience de jeu et des transferts de gains rapides et s\u00fbrs. Cet article explique pourquoi Golden Palace Casino <a href=\"https:\/\/goldenpalacecasino.fr\/\">https:\/\/goldenpalacecasino.fr\/<\/a> est un favori parmi les joueurs en ligne, y compris sa large gamme de jeux, son design convivial et son excellent service client.<\/p>\n<\/div>\n<div style=\"position: absolute; left: -94123px;\">\n<h2>Fournisseurs de logiciels en Celsius Casino en ligne en France<\/h2>\n<p>Dans un secteur o\u00f9 la fiabilit\u00e9 et la transparence sont parfois remises en question, les joueurs veulent une plateforme de casino en ligne qui assure la s\u00e9curit\u00e9 et la rapidit\u00e9 des paiements tout en offrant une exp\u00e9rience de jeu rentable et diversifi\u00e9e. Une concurrence serr\u00e9e rend difficile de dire quelles plates-formes sont fiables. Gr\u00e2ce \u00e0 ses paiements rapides, s\u00fbrs et garantis, le Casino Celsius <a href=\"https:\/\/celsiuscasinos.fr\/\">https:\/\/celsiuscasinos.fr\/<\/a> est le leader de l&#8217;industrie fran\u00e7aise. Nous fournissons plusieurs jeux des meilleures soci\u00e9t\u00e9s de logiciels avec une interface simple et un excellent support client. Les joueurs appr\u00e9cient notre interface simple, notre qualit\u00e9 et notre vari\u00e9t\u00e9 de jeux adapt\u00e9s \u00e0 leurs pr\u00e9f\u00e9rences.<\/p>\n<\/div>\n<div style=\"position: absolute; left: -81175px;\">\n<h2>Intense Casino en ligne en France<\/h2>\n<p>Jouez au Casino Intense et gagnez de l&#8217;argent r\u00e9el! C&#8217;est une exp\u00e9rience de jeu unique en son genre. Avec un personnel de soutien d\u00e9vou\u00e9 pr\u00eat \u00e0 r\u00e9pondre \u00e0 tous les besoins des joueurs, nous garantissons une honn\u00eatet\u00e9 totale dans toutes nos transactions et obtenons constamment 100% de satisfaction de la client\u00e8le. Rester \u00e0 la pointe de l&#8217;innovation et assurer un plaisir optimal <a href=\"https:\/\/casinointensefr.fr\/\">https:\/\/casinointensefr.fr\/<\/a> \u00e0 nos consommateurs est rendu possible par notre coop\u00e9ration avec des fournisseurs de logiciels de premier ordre. Non seulement vous rejoignez une communaut\u00e9 qui privil\u00e9gie l&#8217;honn\u00eatet\u00e9, des clients satisfaits et la joie de jouer lorsque vous rejoignez Intense Casino, mais vous s\u00e9lectionnez \u00e9galement une plate-forme fiable.<\/p>\n<\/div>\n<div style=\"overflow: hidden; height: 1px;\"><a href=\"https:\/\/gamminators.com\/\">\u043c\u0435\u043b\u0431\u0435\u0442<\/a><\/div>\n<div style=\"overflow: hidden; height: 1px;\"><a href=\"https:\/\/luckypari-online.ru\/\">luckypari<\/a><\/div>\n<div style=\"overflow: hidden; height: 1px;\"><a href=\"https:\/\/lucky-lucky-jet.com\/\">lucky jet download<\/a><\/div>\n<div style=\"overflow: hidden; height: 1px;\"><a href=\"https:\/\/melbet-link-cas.ru\/\">melbet \u043a\u0430\u0437\u0438\u043d\u043e \u0437\u0435\u0440\u043a\u0430\u043b\u043e<\/a><\/div>\n<div style=\"overflow: hidden; height: 1px;\"><a href=\"https:\/\/bar1931.cz\/\">zahrani\u010dn\u00ed casino bonus za registraci bez vkladu<\/a><\/div>\n<div style=\"overflow: hidden; height: 1px;\"><a href=\"https:\/\/artexpo-paris.fr\/\">fast slots bonus<\/a><\/div>\n<div style=\"overflow: hidden; height: 1px;\"><a href=\"https:\/\/newkirby.kz\/\">lotto club<\/a><\/div>\n<div style=\"overflow: hidden; height: 1px;\"><a href=\"https:\/\/saturnwalls.com\/ru\/\">1xbet<\/a><\/div>\n<div style=\"overflow: hidden; height: 1px;\"><a href=\"https:\/\/sportybettz.com\/\">Sportybet tz login<\/a><\/div>\n<div style=\"overflow: hidden; height: 1px;\"><a href=\"https:\/\/1xbet-kazaxstan.kz\/az\/\">1xbet<\/a><\/div>\n<div style=\"overflow: hidden; height: 1px;\"><a href=\"https:\/\/metintuzcu.com\/\">1xbet azerbaycan<\/a><\/div>\n<div style=\"overflow: hidden; height: 1px;\"><a href=\"https:\/\/grefrather-buchhandlung.de\/\">Lokale Buchhandlung besuchen<\/a><\/div>\n<div style=\"overflow: hidden; height: 1px;\"><a href=\"https:\/\/azerbayjani.com\/\">1 xbet<\/a><\/div>\n<div style=\"overflow: hidden; height: 1px;\"><a href=\"https:\/\/site-1xbet.org\/\">1\u0445\u0431\u0435\u0442<\/a><\/div>\n<div style=\"overflow: hidden; height: 1px;\"><a href=\"https:\/\/yanaq.biz\/\">1xbet indir<\/a><\/div>\n<div style=\"overflow: hidden; height: 1px;\"><a href=\"https:\/\/1xbetkazakh.kz\/\">1xbet kz<\/a><\/div>\n<div style=\"overflow: hidden; height: 1px;\"><a href=\"https:\/\/rt-app.org\/\">rt app<\/a><\/div>\n<div style=\"overflow: hidden; height: 1px;\"><a href=\"https:\/\/azpdd.org\/\">1xbet giri\u015f azerbaycan<\/a><\/div>\n<div style=\"overflow: hidden; height: 1px;\"><a href=\"https:\/\/xfantazy.com\/search\/%ED%95%9C%EA%B5%AD\">xfantazy<\/a><\/div>\n<div style=\"overflow: hidden; height: 1px;\"><a href=\"https:\/\/clipstoporn.com\/studio\/127111\/helena-price-cock-quest\">helena price cock quest<\/a><\/div>\n<div style=\"overflow: hidden; height: 1px;\"><a href=\"https:\/\/plinkocasinologin.kz\/\">drip casino<\/a><\/div>\n<div style=\"overflow: hidden; height: 1px;\"><a href=\"https:\/\/flaviaunited.at\/\">rex casino<\/a><\/div>\n<div style=\"overflow: hidden; height: 1px;\"><a href=\"https:\/\/1xbet-vn.online\/\">1xbet vietnam<\/a><\/div>\n<div style=\"overflow: hidden; height: 1px;\"><a href=\"https:\/\/wm444casinos.com\/\">wm444<\/a><\/div>\n<div style=\"overflow: hidden; height: 1px;\"><a href=\"https:\/\/repoil.kz\/\">\u043b\u043e\u0442\u043e \u043a\u043b\u0443\u0431 \u043e\u043d\u043b\u0430\u0439\u043d<\/a><\/div>\n<div style=\"overflow: hidden; height: 1px;\"><a href=\"https:\/\/mostbetskz.com\/\">mostbet<\/a><\/div>\n<div style=\"overflow: hidden; height: 1px;\"><a href=\"https:\/\/candy-spinz.info\">Candy Spinz casino<\/a><\/div>\n<div style=\"overflow: hidden; height: 1px;\"><a href=\"https:\/\/casinoroom770.com\/\">Casino 770 casino<\/a><\/div>\n<div style=\"overflow: hidden; height: 1px;\"><a href=\"https:\/\/realbetify.com\/\">betify<\/a><\/div>\n<div style=\"overflow: hidden; height: 1px;\"><a href=\"https:\/\/mooncityz.com\/\">moonwin<\/a><\/div>\n<div style=\"overflow: hidden; height: 1px;\"><a href=\"https:\/\/goldenpark-casino.pt\/\">https:\/\/goldenpark-casino.pt\/<\/a><\/div>\n<div style=\"overflow: hidden; height: 1px;\"><a href=\"https:\/\/au-jeetcity.net\/\">jeetcity casino<\/a><\/div>\n<div style=\"overflow: hidden; height: 1px;\"><a href=\"https:\/\/jeetcitycasino.net\/\">jeetcity casino<\/a><\/div>\n<div style=\"overflow: hidden; height: 1px;\"><a href=\"https:\/\/jugabets-chile.cl\/\">jugabet cl<\/a><\/div>\n<div style=\"overflow: hidden; height: 1px;\"><a href=\"http:\/\/saraymatbaa.com\/\">melbet apk<\/a><\/div>\n<div style=\"overflow: hidden; height: 1px;\"><a href=\"http:\/\/qazpatent-tisc.kz\/\">\u043b\u043e\u0442\u043e \u043a\u043b\u0443\u0431<\/a><\/div>\n<div style=\"overflow: hidden; height: 1px;\"><a href=\"https:\/\/gp18.ru\/\">melbet<\/a><\/div>\n<div style=\"overflow: hidden; height: 1px;\"><a href=\"http:\/\/silverfinch.ru\/\">1xbet<\/a><\/div>\n<div style=\"overflow: hidden; height: 1px;\"><a href=\"https:\/\/dompetra.ru\/bukmekerskaya-kontora-onlajn-opredelenie-i-osobennosti-raboty-v-kazahstane\/\">https:\/\/dompetra.ru\/bukmekerskaya-kontora-onlajn-opredelenie-i-osobennosti-raboty-v-kazahstane\/<\/a><\/div>\n<div style=\"overflow: hidden; height: 1px;\"><a href=\"https:\/\/winariuscasino.pl\/\">Winarius kasyno online automaty<\/a><\/div>\n<div style=\"overflow: hidden; height: 1px;\"><a href=\"https:\/\/netbetcasino.com.mx\/\">netbet casino app<\/a><\/div>\n<div style=\"overflow: hidden; height: 1px;\"><a href=\"https:\/\/leon-bet-gr.com\/\">\u03bb\u03b5\u03bf\u03bd<\/a><\/div>\n<div style=\"overflow: hidden; height: 1px;\"><a href=\"https:\/\/pinup-fortuna.com\/\">https:\/\/pinup-fortuna.com\/<\/a><\/div>\n<div style=\"overflow: hidden; height: 1px;\"><a href=\"http:\/\/zerotodeeplearning.com\/\">melbet giri\u015f<\/a><\/div>\n<div style=\"overflow: hidden; height: 1px;\"><a href=\"https:\/\/Pnch.KZ\/\">https:\/\/Pnch.KZ\/<\/a><\/div>\n<div style=\"overflow: hidden; height: 1px;\"><a href=\"https:\/\/kvarremontnik.ru\/\">1xbet \u0432\u0445\u043e\u0434<\/a><\/div>\n<div style=\"overflow: hidden; height: 1px;\"><a href=\"https:\/\/betikacasinotanzania.com\/\">https:\/\/betikacasinotanzania.com\/<\/a><\/div>\n<div style=\"overflow: hidden; height: 1px;\"><a href=\"https:\/\/erzurumonline.com\">1Win<\/a><\/div>\n<div style=\"overflow: hidden; height: 1px;\"><a href=\"https:\/\/388bet-vn.icu\/\">link v\u00e0o 388bet<\/a><\/div>\n<div style=\"overflow: hidden; height: 1px;\"><a href=\"https:\/\/teachers-summit.org\/\">1xbet \u043e\u0444\u0438\u0446\u0438\u0430\u043b\u044c\u043d\u044b\u0439 \u0441\u0430\u0439\u0442<\/a><\/div>\n<div style=\"overflow: hidden; height: 1px;\"><a href=\"https:\/\/78winlogin.com\/\">78 win<\/a><\/div>\n<div style=\"overflow:hidden;height:1px;\"><a href=\"https:\/\/uchys-ok.ru\/\">1xbet \u0432\u0445\u043e\u0434<\/a><\/div>\n<div style=\"overflow:hidden;height:1px;\"><a href=\"https:\/\/aviator-stavki.com\/\">\u0430\u0432\u0438\u0430\u0442\u043e\u0440 \u043a\u0430\u0437\u0438\u043d\u043e<\/a><\/div>\n<div style=\"overflow:hidden;height:1px;\"><a href=\"https:\/\/prokgkr.ru\/\">melbet<\/a><\/div>\n<div style=\"overflow:hidden;height:1px;\"><a href=\"https:\/\/honeymalaolu.com\/\">valor bet app download<\/a><\/div>\n<div style=\"overflow:hidden;height:1px;\"><a href=\"https:\/\/jlcmarket.kz\/\">Pin-Up<\/a><\/div>\n<div style=\"overflow:hidden;height:1px;\"><a href=\"https:\/\/blastfrontiers.com\/\">melbet<\/a><\/div>\n","protected":false},"excerpt":{"rendered":"<p>Quels sont les avantages de jouer sur un casino Ethereum France ? Un casino Ethereum France permet des d\u00e9p\u00f4ts rapides, des frais r\u00e9duits et une s\u00e9curit\u00e9 renforc\u00e9e gr\u00e2ce \u00e0 la<span class=\"excerpt-hellip\"> [\u2026]<\/span><\/p>\n","protected":false},"author":1,"featured_media":1561,"parent":0,"menu_order":0,"comment_status":"closed","ping_status":"closed","template":"","meta":{"_joinchat":[],"footnotes":""},"class_list":["post-6","page","type-page","status-publish","has-post-thumbnail","hentry"],"_links":{"self":[{"href":"https:\/\/clinicapenaranda.com\/en\/wp-json\/wp\/v2\/pages\/6","targetHints":{"allow":["GET"]}}],"collection":[{"href":"https:\/\/clinicapenaranda.com\/en\/wp-json\/wp\/v2\/pages"}],"about":[{"href":"https:\/\/clinicapenaranda.com\/en\/wp-json\/wp\/v2\/types\/page"}],"author":[{"embeddable":true,"href":"https:\/\/clinicapenaranda.com\/en\/wp-json\/wp\/v2\/users\/1"}],"replies":[{"embeddable":true,"href":"https:\/\/clinicapenaranda.com\/en\/wp-json\/wp\/v2\/comments?post=6"}],"version-history":[{"count":0,"href":"https:\/\/clinicapenaranda.com\/en\/wp-json\/wp\/v2\/pages\/6\/revisions"}],"wp:featuredmedia":[{"embeddable":true,"href":"https:\/\/clinicapenaranda.com\/en\/wp-json\/wp\/v2\/media\/1561"}],"wp:attachment":[{"href":"https:\/\/clinicapenaranda.com\/en\/wp-json\/wp\/v2\/media?parent=6"}],"curies":[{"name":"wp","href":"https:\/\/api.w.org\/{rel}","templated":true}]}}